{"id":6,"date":"2018-05-16T17:19:11","date_gmt":"2018-05-16T20:19:11","guid":{"rendered":"https:\/\/www.triutil.com.br\/site\/?page_id=6"},"modified":"2018-06-06T10:14:32","modified_gmt":"2018-06-06T13:14:32","slug":"quem-somos","status":"publish","type":"page","link":"https:\/\/www.triutil.com.br\/site\/quem-somos\/","title":{"rendered":"Quem Somos"},"content":{"rendered":"<p>Foi de uma vis\u00e3o empreendedora que nasceu a Tri\u00fatil, em 1991. Onde um dos s\u00f3cios percebeu que os produtos relacionados ao caf\u00e9, existentes no momento, eram de baixa qualidade, e muitos sequer n\u00e3o eram embalados, dificultando a venda, por isso foi decidido desde o primeiro momento que a Tr\u00fatil fabricaria um coador com o m\u00e1ximo de qualidade, tamanho superior e modelo diferenciado ao existente na \u00e9poca.Mesmo no in\u00edcio tendo produ\u00e7\u00e3o 100% familiar, de maneira simples, com os coadores costurados em m\u00e1quinas tradicionais de costura e sendo entregues aos comerciantes sem marca e embalagem definidas, toda fabrica\u00e7\u00e3o era vendida.<\/p>\n<p>&nbsp;<\/p>\n<p>Visto que a demanda ia aumentando, houve a necessidade de realizar melhorias e aumentar a produ\u00e7\u00e3o atrav\u00e9s da aquisi\u00e7\u00e3o de m\u00e1quinas industriais mais modernas e contrata\u00e7\u00e3o de funcion\u00e1rios. Logo, o coador que n\u00e3o possu\u00eda nome teve sua marca definida, passando a se chamar COADOR PRINCESA, com logotipo pr\u00f3prio e embalagem padronizada.<\/p>\n<p>&nbsp;<\/p>\n<p>A aceita\u00e7\u00e3o do produto foi imediata e, com isso, surgiram os primeiros interesses pelo mercado atacadista. Junto com a nova demanda, a necessidade de amplia\u00e7\u00e3o e organiza\u00e7\u00e3o dos neg\u00f3cios foi essencial, visto que os atacadistas exigiam o cumprimento dos prazos de entrega.<\/p>\n<p>&nbsp;<\/p>\n<p>A qualidade do produto era refletida na carteira de clientes solidificada e na constante expans\u00e3o das vendas. Da\u00ed surgiu a oportunidade de ampliar e diversificar o mix de produtos, mantendo sempre a qualidade j\u00e1 aplicada. Foram adicionados ao portf\u00f3lio da empresa novos modelos de coadores e itens associados ao uso dom\u00e9stico como flanelas, aventais, toalhas, panos de prato e outros.<\/p>\n<p>&nbsp;<\/p>\n<p>Com isso, a Tri\u00fatil se estabeleceu como fabricante e distribuidora de utens\u00edlios dom\u00e9sticos atuando em todo sul de minas e nas regi\u00f5es metropolitanas do Brasil. Focada no desenvolvimento de novos softwares e tecnologias de produ\u00e7\u00e3o e gest\u00e3o, a Tri\u00fatil est\u00e1 atenta \u00e0s constantes mudan\u00e7as e exig\u00eancias governamentais e mercadol\u00f3gicas, a fim de manter os produtos e servi\u00e7os alinhados com sua principal caracter\u00edstica, a qualidade.<\/p>\n","protected":false},"excerpt":{"rendered":"<p>Foi de uma vis\u00e3o empreendedora que nasceu a Tri\u00fatil, em 1991. Onde um dos s\u00f3cios percebeu que os produtos relacionados ao caf\u00e9, existentes no momento, eram de baixa qualidade, e muitos sequer n\u00e3o eram embalados, dificultando a venda, por isso foi decidido desde o primeiro momento que a Tr\u00fatil fabricaria um coador com o m\u00e1ximo [&hellip;]<\/p>\n","protected":false},"author":1,"featured_media":0,"parent":0,"menu_order":0,"comment_status":"closed","ping_status":"closed","template":"","meta":[],"_links":{"self":[{"href":"https:\/\/www.triutil.com.br\/site\/wp-json\/wp\/v2\/pages\/6"}],"collection":[{"href":"https:\/\/www.triutil.com.br\/site\/wp-json\/wp\/v2\/pages"}],"about":[{"href":"https:\/\/www.triutil.com.br\/site\/wp-json\/wp\/v2\/types\/page"}],"author":[{"embeddable":true,"href":"https:\/\/www.triutil.com.br\/site\/wp-json\/wp\/v2\/users\/1"}],"replies":[{"embeddable":true,"href":"https:\/\/www.triutil.com.br\/site\/wp-json\/wp\/v2\/comments?post=6"}],"version-history":[{"count":3,"href":"https:\/\/www.triutil.com.br\/site\/wp-json\/wp\/v2\/pages\/6\/revisions"}],"predecessor-version":[{"id":72,"href":"https:\/\/www.triutil.com.br\/site\/wp-json\/wp\/v2\/pages\/6\/revisions\/72"}],"wp:attachment":[{"href":"https:\/\/www.triutil.com.br\/site\/wp-json\/wp\/v2\/media?parent=6"}],"curies":[{"name":"wp","href":"https:\/\/api.w.org\/{rel}","templated":true}]}}